{"id":8,"date":"2012-10-13T23:50:15","date_gmt":"2012-10-13T23:50:15","guid":{"rendered":"http:\/\/profficine2.wordpress.com\/?page_id=8"},"modified":"2025-07-04T01:24:51","modified_gmt":"2025-07-04T01:24:51","slug":"presentation","status":"publish","type":"page","link":"https:\/\/www.profficine.com\/","title":{"rendered":"Pr\u00e9sentation"},"content":{"rendered":"<p><span style=\"color: #000000;\">PROFFICINE est une solution compl\u00e8te pour optimiser et faciliter \u00a0la \u00a0gestion de votre officine pharmaceutique . C\u2019est un outil performant qui permet une prise en main rapide et efficace.<\/span><\/p>\n<p><span style=\"color: #000000;\">Il offre des outils tr\u00e9s \u00e9fficaces comme la saisie automatique des ventes Chifa, les commandes automatis\u00e9s, l&rsquo;inventaire par code barre, et beaucoup d&rsquo;autres fonctions pratiques et ergonomiques.<\/span><\/p>\n<p><span style=\"color: #000000;\">Il est compatible avec la nouvelle version Chifa.<\/span><\/p>\n<h4 class=\"moz-forward-container\"><span style=\"color: #000000;\"><u>L&rsquo;inventaire facilit\u00e9 par code \u00e0 barre <\/u>:<\/span><\/h4>\n<p class=\"moz-forward-container\"><span style=\"color: #000000;\">Saisissez simplement les produit par codes \u00e0 barre \u00e0 la chaine ! l&rsquo;un apr\u00e8s l&rsquo;autre, de ce fait votre inventaire est facilit\u00e9 et vous gagnez beaucoup de temps. Il reste bien sur la possibilit\u00e9 de saisir les quantit\u00e9s sans code barre aussi.<u><\/u><\/span><\/p>\n<h4 class=\"moz-forward-container\"><span style=\"color: #000000;\"><u>Possibilit\u00e9 d&rsquo;inventaire ouvert :<\/u><\/span><\/h4>\n<p class=\"moz-forward-container\"><span style=\"color: #000000;\">Dans ce cas vous pouvez faire l&rsquo;inventaire en gardant la Pharmacie ouverte. Toutes les ventes, les commandes, et autres entr\u00e9s\/sorties sont automatiquement r\u00e9percut\u00e9s dans l&rsquo;inventaire, avec une indication lisible.<\/span><\/p>\n<p class=\"moz-forward-container\"><span style=\"color: #000000;\">Aucun autre logiciel n&rsquo;as un inventaire aussi facile, rapide et fiable.<\/span><\/p>\n<h4>La saisie des Ventes Chifa par code barre :<\/h4>\n<p><span style=\"color: #000000;\">\u00e7a permet une saisie des ventes Chifa tr\u00e9s rapide, et aussi sans erreur,\u00a0 avec en plus la gestion automatique des ventes Chifa en instance, et des cr\u00e9dits Chifa avec historique et d\u00e9tails des cr\u00e9dits pour chaque assur\u00e9.<\/span><\/p>\n<p><span style=\"color: #000000;\">Meme sans code barre on peut utiliser l&rsquo; importation automatique des Ventes Chifa : p<\/span><span style=\"color: #000000;\">as besoin de saisir les ventes Chifa, Profficine les importe \u00e0 partir du logiciel Chifa pour les d\u00e9stocker, et aussi calculer automatiquement la partie encaiss\u00e9e,\u00a0 en plus \u00e0 tout moment vous pourrez opter pour la version code barre rapidement et en gardant toutes vos donn\u00e9es<br \/><\/span><\/p>\n<h4><span style=\"color: #000000;\">Mise \u00e0 jour automatique des produits remboursables et des tarifs de r\u00e9f\u00e9rences avec chifa<\/span><\/h4>\n<h4><span style=\"color: #000000;\">Gestion de la caisse 100% automatique : <\/span><\/h4>\n<p><span style=\"color: #000000;\">Tout est calcul\u00e9 automatiquement : les ventes, les cr\u00e9dits, les versements, les retraits ect&#8230;<\/span><\/p>\n<p><span style=\"color: #000000;\">Pour les ventes chifa vous pouvez mettre tout les produits vendus dans la meme vente, remboursable et non remboursables, m\u00e9dicaments et cosm\u00e9tiques, Profficine saura envoyer <\/span><span style=\"color: #000000;\">seulement les produits remboursables vers Chifa, et c&rsquo;est le montant de l&rsquo;assur\u00e9 qui est calcul\u00e9 et ajout\u00e9 \u00e0 la caisse pour les produits rembousables, de ce fait plus besoin de calculatrice, le total est automatiquement calcul\u00e9 en fonction des produits et du type de vente, et 100% fiable,<\/span><\/p>\n<h4>Les commandes automatiques :<\/h4>\n<p><span style=\"color: #000000;\">Profficine vous pr\u00e9pare automatiquement les commandes et calcule les quantit\u00e9s \u00e0 commander en fonction des ruptures et de la rotation des produits pour la p\u00e9riode choisie.<\/span><\/p>\n<p><span style=\"color: #000000;\">Et aussi :<\/span><\/p>\n<p><span style=\"color: #000000;\">La possibilit\u00e9 de ne pas imprimer les codes \u00e0 barres pour les produits qui ont d\u00e9j\u00e0 un code \u00e0 barre.<\/span><\/p>\n<h4><span style=\"color: #000000;\">Rotation des produits avec graphique,<\/span><\/h4>\n<p><img loading=\"lazy\" decoding=\"async\" class=\"alignnone size-full wp-image-266\" src=\"http:\/\/profficine.com\/wp-content\/uploads\/2019\/09\/graph_cr.jpg\" alt=\"\" width=\"593\" height=\"325\" srcset=\"https:\/\/www.profficine.com\/wp-content\/uploads\/2019\/09\/graph_cr.jpg 1583w, https:\/\/www.profficine.com\/wp-content\/uploads\/2019\/09\/graph_cr-300x164.jpg 300w, https:\/\/www.profficine.com\/wp-content\/uploads\/2019\/09\/graph_cr-1024x561.jpg 1024w, https:\/\/www.profficine.com\/wp-content\/uploads\/2019\/09\/graph_cr-768x421.jpg 768w, https:\/\/www.profficine.com\/wp-content\/uploads\/2019\/09\/graph_cr-1536x841.jpg 1536w\" sizes=\"auto, (max-width: 593px) 100vw, 593px\" \/><\/p>\n<h4><span style=\"color: #000000;\">Gestion facilit\u00e9e des cr\u00e9dits fournisseurs avec calcul automatique,<\/span><\/h4>\n<p><span style=\"color: #000000;\">Comptes utilisateurs avec acc\u00e8s aux fonctions selon le type de compte, Journal de caisse, historique caisse , journal ventes&#8230;<\/span><\/p>\n<p><span style=\"color: #000000;\">Gestion des \u00e9changes entre pharmacies avec calcul auto des quantit\u00e9s,<\/span><\/p>\n<p><span style=\"color: #000000;\">Edition des Bons et Factures rapide, claire et simplifi\u00e9e,<\/span><\/p>\n<p><span style=\"color: #000000;\">acc\u00e8s au stock avec recherche rapide multi-crit\u00e8re<\/span><\/p>\n<p><span style=\"color: #000000;\">Version au choix avec ou sans codes \u00e0 barres, Toutes les op\u00e9rations sur serveur sont possibles en r\u00e9seau : ventes, saisie des commandes, etc..<\/span><\/p>\n<p><span style=\"color: #000000;\">Possibilit\u00e9 d&rsquo;exporter les tables et impressions sur excel ou pdf<br \/><\/span><\/p>\n<p><span style=\"color: #000000;\">Avec Profficine vous b\u00e9n\u00e9ficiez de plusieurs ann\u00e9es d&rsquo;exp\u00e9rience et de d\u00e9veloppement en collaboration avec des pharmaciens&#8230;<br \/><\/span><\/p>\n<h4><span style=\"color: #000000;\">Profficine est La solution professionnelle pour votre officine<\/span><\/h4>\n<p><span style=\"color: #000000;\">Pour toute commande, information, ou question n&rsquo;h\u00e9sitez pas \u00e0 nous <span style=\"color: #333399;\"><a style=\"color: #333399;\" href=\"https:\/\/profficine2.wordpress.com\/contact\/\">contacter<\/a><\/span><\/span><\/p>\n<p><span style=\"color: #000000;\">profficine@hotmail.com<\/span><\/p>\n\n<!-- wp:themify-builder\/canvas \/-->","protected":false},"excerpt":{"rendered":"<p>Profficine logiciel de gestion de pharmacie algerie<\/p>\n","protected":false},"author":1,"featured_media":183,"parent":0,"menu_order":1,"comment_status":"closed","ping_status":"closed","template":"","meta":{"slim_seo":{"title":"PROFFICINE : le meilleur logiciel de gestion de pharmacie en Algerie","description":"PROFFICINE est une solution compl\u00e8te pour optimiser et faciliter \u00a0la \u00a0gestion de votre officine pharmaceutique . C\u2019est un outil performant qui permet une prise en main rapide et efficace. Il offre des outils tr\u00e9s \u00e9fficaces comme la saisie automatique des ventes Chifa, les commandes automatiques, l'inventaire par code barre, et beaucoup d'autres fonctions pratiques et ergonomiques."},"footnotes":""},"class_list":["post-8","page","type-page","status-publish","has-post-thumbnail","hentry","has-post-title","has-post-date","has-post-category","has-post-tag","has-post-comment","has-post-author",""],"builder_content":"<h3>Partager<\/h3> <a href=\"#\" data-type=\"facebook\"> <em><svg aria-label=\"Facebook\" role=\"img\"><use href=\"#tf-ti-facebook\"><\/use><\/svg><\/em> <\/a> <a href=\"#\" data-type=\"twitter\"> <em><svg aria-label=\"Twitter\" role=\"img\"><use href=\"#tf-fab-x-twitter\"><\/use><\/svg><\/em> <\/a> <a href=\"#\" data-type=\"email\"> <em><svg aria-label=\"Email\" role=\"img\"><use href=\"#tf-ti-email\"><\/use><\/svg><\/em> <\/a>","_links":{"self":[{"href":"https:\/\/www.profficine.com\/index.php?rest_route=\/wp\/v2\/pages\/8","targetHints":{"allow":["GET"]}}],"collection":[{"href":"https:\/\/www.profficine.com\/index.php?rest_route=\/wp\/v2\/pages"}],"about":[{"href":"https:\/\/www.profficine.com\/index.php?rest_route=\/wp\/v2\/types\/page"}],"author":[{"embeddable":true,"href":"https:\/\/www.profficine.com\/index.php?rest_route=\/wp\/v2\/users\/1"}],"replies":[{"embeddable":true,"href":"https:\/\/www.profficine.com\/index.php?rest_route=%2Fwp%2Fv2%2Fcomments&post=8"}],"version-history":[{"count":40,"href":"https:\/\/www.profficine.com\/index.php?rest_route=\/wp\/v2\/pages\/8\/revisions"}],"predecessor-version":[{"id":455,"href":"https:\/\/www.profficine.com\/index.php?rest_route=\/wp\/v2\/pages\/8\/revisions\/455"}],"wp:featuredmedia":[{"embeddable":true,"href":"https:\/\/www.profficine.com\/index.php?rest_route=\/wp\/v2\/media\/183"}],"wp:attachment":[{"href":"https:\/\/www.profficine.com\/index.php?rest_route=%2Fwp%2Fv2%2Fmedia&parent=8"}],"curies":[{"name":"wp","href":"https:\/\/api.w.org\/{rel}","templated":true}]}}