{"id":10,"date":"2012-10-13T23:57:35","date_gmt":"2012-10-13T23:57:35","guid":{"rendered":"http:\/\/profficine2.wordpress.com\/?page_id=10"},"modified":"2026-01-18T08:42:50","modified_gmt":"2026-01-18T08:42:50","slug":"fonctions","status":"publish","type":"page","link":"https:\/\/www.profficine.com\/?page_id=10","title":{"rendered":"Fonctions"},"content":{"rendered":"<h4><span style=\"color: #008080;\">LA GESTION DES VENTES :<\/span><\/h4>\n<p><span style=\"color: #000000;\"><span style=\"color: #008080;\"><span style=\"color: #000000;\">Profficine vous offre <span style=\"text-decoration: underline;\">2 solutions<\/span> pour automatiser la saisie des ventes Chifa :<\/span>\u00a0<\/span>\u00a0\u00a0<\/span><\/p>\n<p><span style=\"color: #000000;\">\u00a0\u00a0\u00a0\u00a0\u00a0\u00a0\u00a0 <span style=\"text-decoration: underline;\">La Saisie Chifa par Code Barre<\/span> ou l&rsquo;<span style=\"text-decoration: underline;\">importation automatique des ventes Chifa<\/span><\/span><\/p>\n<p style=\"padding-left: 30px; text-align: left;\"><span style=\"color: #000000;\">S\u00e9lection des produits automatique par code \u00e0 barre ou :<\/span><\/p>\n<p style=\"padding-left: 30px; text-align: left;\"><span style=\"color: #000000;\">par\u00a0 prix, d\u00e9nomination commerciale ou meme DCI,<\/span><\/p>\n<p style=\"padding-left: 30px; text-align: left;\"><span style=\"color: #000000;\">Gestion de toutes les VENTES CONVENTIONNES<\/span><\/p>\n<p style=\"padding-left: 30px; text-align: left;\"><span style=\"color: #000000;\">Gestion du TARIF DE REFERENCE avec CALCUL AUTOMATIQUE de la somme \u00e0 encaisser<\/span><\/p>\n<p style=\"padding-left: 30px; text-align: left;\"><span style=\"color: #000000;\">Interface claire et ergonomique<\/span><\/p>\n<ul>\n<li><span style=\"color: #000000;\">MISE A JOUR AUTOMATIQUE DES TARIFS DE REFERENCES ET DES PRODUITS REMBOUSABLES AVEC CHIFA<br \/><\/span><\/li>\n<\/ul>\n<ul>\n<li><span style=\"color: #000000;\">Journal des Ventes par p\u00e9riode, complet et d\u00e9taill\u00e9<\/span><\/li>\n<\/ul>\n<ul>\n<li><span style=\"color: #000000;\">Les Retours par code barre avec Recherche Automatique de l&rsquo;historique des ventes<\/span><\/li>\n<\/ul>\n<ul>\n<li><span style=\"text-decoration: underline; color: #993300;\">Gestion de la caisse simple et d\u00e9taill\u00e9es :<\/span><span style=\"color: #000000;\">\u00a0avec les recettes, retours, cr\u00e9dits, retraits caisse, alimentation caisse, ventes casnos, chiffa, camssp, s\u00e9par\u00e9s ect\u2026<\/span><span style=\"color: #000000;\">Cl\u00f4ture de caisse facultative : plus besoin de cl\u00f4turer la caisse en fin de journ\u00e9e, tout est enregistr\u00e9.<\/span><\/li>\n<\/ul>\n<ul>\n<li><span style=\"color: #000000;\">Historique de caisse : possibilit\u00e9 de consulter la caisse de n\u2019importe quel jour<\/span><\/li>\n<\/ul>\n<ul>\n<li><span style=\"color: #000000;\">Gestion multi-caisse : total de caisse pour chaque utilisateur avec protection par mot de passe<\/span><\/li>\n<\/ul>\n<ul>\n<li><span style=\"color: #000000;\">Statistique des ventes par nature ou global<\/span><\/li>\n<\/ul>\n<ul>\n<li><span style=\"text-decoration: underline; color: #993300;\">Possibilit\u00e9 de Vente Avant la saisie de la facture<\/span>\u00a0:<span style=\"color: #000000;\">Vous n\u2019avez pas eu le temps de saisir la facture\u00a0?<\/span><span style=\"color: #000000;\">Profficine vous permet de saisir la vente le plus simplement possible, si son prix a d\u00e9j\u00e0 \u00e9t\u00e9 saisi il retrouve le produit sans m\u00eame le chercher m\u00eame s\u2019il n\u2019est plus en stock.<\/span><span style=\"color: #000000;\">Apr\u00e8s saisie de la facture, les produits en attente sont <span style=\"text-decoration: underline;\">automatiquement<\/span> d\u00e9stock\u00e9s.<\/span><\/li>\n<\/ul>\n<h4><span style=\"color: #008080;\">LA GESTION DES STOCKS :<\/span><\/h4>\n<ul>\n<li>\n<p class=\"moz-forward-container\"><span style=\"color: #000000;\"><u>L&rsquo;inventaire facilit\u00e9 par code \u00e0 barre <\/u>:<\/span><\/p>\n<p class=\"moz-forward-container\"><span style=\"color: #000000;\">Saisissez simplement les produit par codes \u00e0 barre \u00e0 la chaine ! l&rsquo;un apr\u00e8s l&rsquo;autre, de ce fait votre inventaire est facilit\u00e9 et vous gagnez beaucoup de temps. Il reste bien sur la possibilit\u00e9 de saisir les quantit\u00e9s sans code barre aussi.<u><\/u><\/span><\/p>\n<p class=\"moz-forward-container\"><span style=\"color: #000000;\"><u>Possibilit\u00e9 d&rsquo;inventaire ouvert :<\/u><\/span><\/p>\n<p class=\"moz-forward-container\"><span style=\"color: #000000;\">Dans ce cas vous pouvez faire l&rsquo;inventaire en gardant la Pharmacie ouverte. Toutes les ventes, les commandes, et autres entr\u00e9s\/sorties sont automatiquement r\u00e9percut\u00e9s dans l&rsquo;inventaire, avec une indication lisible.<\/span><\/p>\n<\/li>\n<li><span style=\"color: #000000;\">Stock d\u00e9taill\u00e9 : indication du fournisseur, num. de commande, date de r\u00e9ception, etc\u2026<\/span><\/li>\n<\/ul>\n<ul>\n<li><span style=\"color: #000000;\">Analyse des stocks : qui comprends<\/span><\/li>\n<\/ul>\n<p style=\"padding-left: 60px;\">Tableau Global pour la comptabilit\u00e9<br \/><span style=\"color: #000000;\">Valorisation des stocks par produit<\/span><br \/><span style=\"color: #000000;\">Valorisation des stocks par nature<\/span><br \/><span style=\"color: #000000;\">Proposition d&rsquo;approvisionnement : vous indique tous les produits manquants<\/span><br \/><span style=\"color: #000000;\">etc\u2026<\/span><\/p>\n<p style=\"padding-left: 30px;\"><span style=\"color: #000000;\">\u00a0<\/span><\/p>\n\n<!-- wp:themify-builder\/canvas \/-->","protected":false},"excerpt":{"rendered":"<p>Profficine logiciel de gestion de pharmacie algerie<\/p>\n","protected":false},"author":1,"featured_media":206,"parent":0,"menu_order":2,"comment_status":"open","ping_status":"open","template":"","meta":{"slim_seo":{"title":"Fonctions - PROFFICINE","description":"Profficine logiciel de gestion de pharmacie algerie"},"footnotes":""},"class_list":["post-10","page","type-page","status-publish","has-post-thumbnail","hentry","has-post-title","has-post-date","has-post-category","has-post-tag","has-post-comment","has-post-author",""],"builder_content":"<h3>Partager<\/h3> <a href=\"#\" data-type=\"facebook\"> <em><svg aria-label=\"Facebook\" role=\"img\"><use href=\"#tf-ti-facebook\"><\/use><\/svg><\/em> <\/a> <a href=\"#\" data-type=\"twitter\"> <em><svg aria-label=\"Twitter\" role=\"img\"><use href=\"#tf-fab-x-twitter\"><\/use><\/svg><\/em> <\/a> <a href=\"#\" data-type=\"email\"> <em><svg aria-label=\"Email\" role=\"img\"><use href=\"#tf-ti-email\"><\/use><\/svg><\/em> <\/a>","_links":{"self":[{"href":"https:\/\/www.profficine.com\/index.php?rest_route=\/wp\/v2\/pages\/10","targetHints":{"allow":["GET"]}}],"collection":[{"href":"https:\/\/www.profficine.com\/index.php?rest_route=\/wp\/v2\/pages"}],"about":[{"href":"https:\/\/www.profficine.com\/index.php?rest_route=\/wp\/v2\/types\/page"}],"author":[{"embeddable":true,"href":"https:\/\/www.profficine.com\/index.php?rest_route=\/wp\/v2\/users\/1"}],"replies":[{"embeddable":true,"href":"https:\/\/www.profficine.com\/index.php?rest_route=%2Fwp%2Fv2%2Fcomments&post=10"}],"version-history":[{"count":15,"href":"https:\/\/www.profficine.com\/index.php?rest_route=\/wp\/v2\/pages\/10\/revisions"}],"predecessor-version":[{"id":488,"href":"https:\/\/www.profficine.com\/index.php?rest_route=\/wp\/v2\/pages\/10\/revisions\/488"}],"wp:featuredmedia":[{"embeddable":true,"href":"https:\/\/www.profficine.com\/index.php?rest_route=\/wp\/v2\/media\/206"}],"wp:attachment":[{"href":"https:\/\/www.profficine.com\/index.php?rest_route=%2Fwp%2Fv2%2Fmedia&parent=10"}],"curies":[{"name":"wp","href":"https:\/\/api.w.org\/{rel}","templated":true}]}}